{"id":773,"date":"2024-10-24T14:33:10","date_gmt":"2024-10-24T14:33:10","guid":{"rendered":"https:\/\/lafabriek.fr\/?page_id=773"},"modified":"2024-11-17T19:07:50","modified_gmt":"2024-11-17T19:07:50","slug":"wine-tasting-our-5-favourite-estates","status":"publish","type":"page","link":"https:\/\/lafabriek.fr\/en\/activities\/wine-tasting-our-5-favourite-estates\/","title":{"rendered":"Wine tasting : our 5 favourite estates"},"content":{"rendered":"\n<p>Occitanie is France&#8217;s largest wine-growing region, accounting for over 30% of the country&#8217;s production. The construction of the Canal du Midi in 1681 gave a real boost to the sector, facilitating the transport and sale of wines. Wine is the main economic resource of the Aude department.<br><br><strong>The Aude appellations are :<\/strong>\u00a0<strong>Corbi\u00e8res, Boutenac, Cabard\u00e8s, Limoux, La Clape, Malep\u00e8re, Minervois, Fitou and Muscat (Saint Jean Minervois).<\/strong><br><br>We&#8217;re happy to share our favourites with you. And why not combine a wine tasting with the appropriate dishes in a Food &amp; Wine Pairing masterclass.<br><br>A few kilometers from the house, winegrowers and cooperatives offer wine tastings, our recommendations are\u00a0<a href=\"https:\/\/chateaudeventenacminervois.com\/\" target=\"_blank\" rel=\"noreferrer noopener\"><strong>Ch\u00e2teau de Ventenac<\/strong><\/a>\u00a0and\u00a0<a href=\"https:\/\/www.chateau-de-paraza.com\/\" target=\"_blank\" rel=\"noreferrer noopener\"><strong>Ch\u00e2teau Paraza<\/strong><\/a>.<\/p>\n\n\n\n<h2 class=\"wp-block-heading has-text-align-center\">Estates and houses worth a visit<\/h2>\n\n\n\n<div class=\"wp-block-group alignwide is-layout-grid wp-container-core-group-is-layout-478b6e6b wp-block-group-is-layout-grid\">\n<div class=\"wp-block-group wp-container-content-69bc4bdf has-global-padding is-layout-constrained wp-container-core-group-is-layout-5a30f31b wp-block-group-is-layout-constrained\">\n<figure class=\"wp-block-image size-full\"><img loading=\"lazy\" decoding=\"async\" width=\"612\" height=\"452\" src=\"https:\/\/lafabriek.fr\/wp-content\/uploads\/2024\/10\/LaFabriek-Degustation-vin-Domaine-Cailhol-Gautran.webp\" alt=\"\" class=\"wp-image-339\" srcset=\"https:\/\/lafabriek.fr\/wp-content\/uploads\/2024\/10\/LaFabriek-Degustation-vin-Domaine-Cailhol-Gautran.webp 612w, https:\/\/lafabriek.fr\/wp-content\/uploads\/2024\/10\/LaFabriek-Degustation-vin-Domaine-Cailhol-Gautran-300x222.webp 300w\" sizes=\"auto, (max-width: 612px) 100vw, 612px\" \/><\/figure>\n\n\n\n<h3 class=\"wp-block-heading has-text-align-center has-color-2-color has-text-color has-link-color wp-elements-f398b5f75e7e17bf1e773c20405fb0c9\"><strong><a href=\"https:\/\/www.domainecailholgautran.com\" target=\"_blank\" rel=\"noreferrer noopener\">Domaine Cailhol Gautran<\/a><\/strong><\/h3>\n\n\n\n<p class=\"has-text-align-center\">Domaine Cailhol Gautran is located in the hamlet of Cailhol. Wine : La Table du Loup AOC : Minervois (Syrah: 80%, Grenache noir: 20%)<\/p>\n\n\n\n<div class=\"wp-block-buttons is-content-justification-center is-layout-flex wp-container-core-buttons-is-layout-a89b3969 wp-block-buttons-is-layout-flex\">\n<div class=\"wp-block-button\"><a class=\"wp-block-button__link has-color-3-color has-light-background-color has-text-color has-background has-link-color wp-element-button\" href=\"https:\/\/www.domainecailholgautran.com\" target=\"_blank\" rel=\"noreferrer noopener\">More information<\/a><\/div>\n<\/div>\n<\/div>\n\n\n\n<div class=\"wp-block-group wp-container-content-69bc4bdf has-global-padding is-layout-constrained wp-container-core-group-is-layout-5a30f31b wp-block-group-is-layout-constrained\">\n<figure class=\"wp-block-image size-full\"><img loading=\"lazy\" decoding=\"async\" width=\"568\" height=\"420\" src=\"https:\/\/lafabriek.fr\/wp-content\/uploads\/2024\/10\/LaFabriek-Degustation-vin-Domaine-Mas-Paumarhel.webp\" alt=\"\" class=\"wp-image-341\" srcset=\"https:\/\/lafabriek.fr\/wp-content\/uploads\/2024\/10\/LaFabriek-Degustation-vin-Domaine-Mas-Paumarhel.webp 568w, https:\/\/lafabriek.fr\/wp-content\/uploads\/2024\/10\/LaFabriek-Degustation-vin-Domaine-Mas-Paumarhel-300x222.webp 300w\" sizes=\"auto, (max-width: 568px) 100vw, 568px\" \/><\/figure>\n\n\n\n<h3 class=\"wp-block-heading has-text-align-center has-color-2-color has-text-color has-link-color wp-elements-79a9cb061aca5b0397c772b9723a10bf\"><strong><a href=\"https:\/\/www.mas-paumarhel.fr\/\" target=\"_blank\" rel=\"noreferrer noopener\">Domaine Mas Paumarhel<\/a><\/strong><\/h3>\n\n\n\n<p class=\"has-text-align-center\">Wine : AOP Minervois (Mourv\u00e8dre, Syrah, Grenache)<\/p>\n\n\n\n<div class=\"wp-block-buttons is-content-justification-center is-layout-flex wp-container-core-buttons-is-layout-a89b3969 wp-block-buttons-is-layout-flex\">\n<div class=\"wp-block-button\"><a class=\"wp-block-button__link has-color-3-color has-light-background-color has-text-color has-background has-link-color wp-element-button\" href=\"https:\/\/www.mas-paumarhel.fr\/\" target=\"_blank\" rel=\"noreferrer noopener\">More information<\/a><\/div>\n<\/div>\n<\/div>\n\n\n\n<div class=\"wp-block-group wp-container-content-69bc4bdf has-global-padding is-layout-constrained wp-container-core-group-is-layout-5a30f31b wp-block-group-is-layout-constrained\">\n<figure class=\"wp-block-image size-full\"><img loading=\"lazy\" decoding=\"async\" width=\"612\" height=\"452\" src=\"https:\/\/lafabriek.fr\/wp-content\/uploads\/2024\/10\/LaFabriek-Degustation-vin-Domaine-Mas-de-Cynaque.webp\" alt=\"\" class=\"wp-image-344\" srcset=\"https:\/\/lafabriek.fr\/wp-content\/uploads\/2024\/10\/LaFabriek-Degustation-vin-Domaine-Mas-de-Cynaque.webp 612w, https:\/\/lafabriek.fr\/wp-content\/uploads\/2024\/10\/LaFabriek-Degustation-vin-Domaine-Mas-de-Cynaque-300x222.webp 300w\" sizes=\"auto, (max-width: 612px) 100vw, 612px\" \/><\/figure>\n\n\n\n<h3 class=\"wp-block-heading has-text-align-center has-color-2-color has-text-color has-link-color wp-elements-b8f7fb737131b0655de77967c34b7acd\"><strong><a href=\"https:\/\/masdecynanque.com\/\" target=\"_blank\" rel=\"noreferrer noopener\">Domaine Mas de Cynaque<\/a><\/strong><\/h3>\n\n\n\n<p class=\"has-text-align-center\">Wine : Cuv\u00e9e Acutum bio (Syrah 60%, Mourv\u00e8dre 20%, Grenache 10%, Carignan 10%)<\/p>\n\n\n\n<div class=\"wp-block-buttons is-content-justification-center is-layout-flex wp-container-core-buttons-is-layout-a89b3969 wp-block-buttons-is-layout-flex\">\n<div class=\"wp-block-button\"><a class=\"wp-block-button__link has-color-3-color has-light-background-color has-text-color has-background has-link-color wp-element-button\" href=\"https:\/\/masdecynanque.com\/\" target=\"_blank\" rel=\"noreferrer noopener\">More information<\/a><\/div>\n<\/div>\n<\/div>\n\n\n\n<div class=\"wp-block-group wp-container-content-69bc4bdf has-global-padding is-layout-constrained wp-container-core-group-is-layout-5a30f31b wp-block-group-is-layout-constrained\">\n<figure class=\"wp-block-image size-full\"><img loading=\"lazy\" decoding=\"async\" width=\"569\" height=\"420\" src=\"https:\/\/lafabriek.fr\/wp-content\/uploads\/2024\/10\/LaFabriek-Degustation-vin-La-Maison-des-Vignerons.webp\" alt=\"\" class=\"wp-image-342\" srcset=\"https:\/\/lafabriek.fr\/wp-content\/uploads\/2024\/10\/LaFabriek-Degustation-vin-La-Maison-des-Vignerons.webp 569w, https:\/\/lafabriek.fr\/wp-content\/uploads\/2024\/10\/LaFabriek-Degustation-vin-La-Maison-des-Vignerons-300x221.webp 300w\" sizes=\"auto, (max-width: 569px) 100vw, 569px\" \/><\/figure>\n\n\n\n<h3 class=\"wp-block-heading has-text-align-center has-color-2-color has-text-color has-link-color wp-elements-368f93293d38283de3fd2f800fdec492\"><a href=\"https:\/\/saint-chinian.pro\/\" target=\"_blank\" rel=\"noreferrer noopener\"><strong>La Maison des vins<\/strong> de Saint-Chinian<\/a><\/h3>\n\n\n\n<p class=\"has-text-align-center\">Shop run by the Saint-Chinian appellation winegrowers&#8217; association. Always a pleasant and informative welcome. Many thanks to Baptiste for his experience, his availability and his good advice.<\/p>\n\n\n\n<div class=\"wp-block-buttons is-content-justification-center is-layout-flex wp-container-core-buttons-is-layout-a89b3969 wp-block-buttons-is-layout-flex\">\n<div class=\"wp-block-button\"><a class=\"wp-block-button__link has-color-3-color has-light-background-color has-text-color has-background has-link-color wp-element-button\" href=\"https:\/\/saint-chinian.pro\/\" target=\"_blank\" rel=\"noreferrer noopener\">More information<\/a><\/div>\n<\/div>\n<\/div>\n\n\n\n<div class=\"wp-block-group wp-container-content-69bc4bdf has-global-padding is-layout-constrained wp-container-core-group-is-layout-5a30f31b wp-block-group-is-layout-constrained\">\n<figure class=\"wp-block-image size-full\"><img loading=\"lazy\" decoding=\"async\" width=\"612\" height=\"452\" src=\"https:\/\/lafabriek.fr\/wp-content\/uploads\/2024\/10\/LaFabriek-Degustation-Domaine-de-la-Cendrillon.webp\" alt=\"\" class=\"wp-image-343\" srcset=\"https:\/\/lafabriek.fr\/wp-content\/uploads\/2024\/10\/LaFabriek-Degustation-Domaine-de-la-Cendrillon.webp 612w, https:\/\/lafabriek.fr\/wp-content\/uploads\/2024\/10\/LaFabriek-Degustation-Domaine-de-la-Cendrillon-300x222.webp 300w\" sizes=\"auto, (max-width: 612px) 100vw, 612px\" \/><\/figure>\n\n\n\n<h3 class=\"wp-block-heading has-text-align-center has-color-2-color has-text-color has-link-color wp-elements-ea061fc1cf06077a53451e13d935dfe5\"><strong><a href=\"https:\/\/www.lacendrillon.fr\/\" target=\"_blank\" rel=\"noreferrer noopener\">Domaine de la Cendrillon<\/a><\/strong><\/h3>\n\n\n\n<p class=\"has-text-align-center\">Wine : Cuv\u00e9e Minuit (ros\u00e9) bio &#8211; AOP Corbi\u00e8res (Grenache, Cinsault, Syrah, Mourv\u00e8dre, Grenache Gris)<\/p>\n\n\n\n<div class=\"wp-block-buttons is-content-justification-center is-layout-flex wp-container-core-buttons-is-layout-a89b3969 wp-block-buttons-is-layout-flex\">\n<div class=\"wp-block-button\"><a class=\"wp-block-button__link has-color-3-color has-light-background-color has-text-color has-background has-link-color wp-element-button\" href=\"https:\/\/www.lacendrillon.fr\/\" target=\"_blank\" rel=\"noreferrer noopener\">More information<\/a><\/div>\n<\/div>\n<\/div>\n<\/div>\n","protected":false},"excerpt":{"rendered":"<p>Occitanie is France&#8217;s largest wine-growing region, accounting for over 30% of the country&#8217;s production. The construction of the Canal du Midi in 1681 gave a real boost to the sector, facilitating the transport and sale of wines. Wine is the main economic resource of the Aude department. The Aude appellations are :\u00a0Corbi\u00e8res, Boutenac, Cabard\u00e8s, Limoux, [&hellip;]<\/p>\n","protected":false},"author":1,"featured_media":0,"parent":763,"menu_order":0,"comment_status":"closed","ping_status":"closed","template":"","meta":{"footnotes":""},"class_list":["post-773","page","type-page","status-publish","hentry"],"yoast_head":"<!-- This site is optimized with the Yoast SEO plugin v27.0 - https:\/\/yoast.com\/product\/yoast-seo-wordpress\/ -->\n<title>Wine tasting : our 5 favourite estates - LaFabriek<\/title>\n<meta name=\"robots\" content=\"index, follow, max-snippet:-1, max-image-preview:large, max-video-preview:-1\" \/>\n<link rel=\"canonical\" href=\"https:\/\/lafabriek.fr\/en\/activities\/wine-tasting-our-5-favourite-estates\/\" \/>\n<meta property=\"og:locale\" content=\"en_US\" \/>\n<meta property=\"og:type\" content=\"article\" \/>\n<meta property=\"og:title\" content=\"Wine tasting : our 5 favourite estates - LaFabriek\" \/>\n<meta property=\"og:description\" content=\"Occitanie is France&#8217;s largest wine-growing region, accounting for over 30% of the country&#8217;s production. The construction of the Canal du Midi in 1681 gave a real boost to the sector, facilitating the transport and sale of wines. Wine is the main economic resource of the Aude department. The Aude appellations are :\u00a0Corbi\u00e8res, Boutenac, Cabard\u00e8s, Limoux, [&hellip;]\" \/>\n<meta property=\"og:url\" content=\"https:\/\/lafabriek.fr\/en\/activities\/wine-tasting-our-5-favourite-estates\/\" \/>\n<meta property=\"og:site_name\" content=\"LaFabriek\" \/>\n<meta property=\"article:publisher\" content=\"https:\/\/www.facebook.com\/LaFabriekCanet\/\" \/>\n<meta property=\"article:modified_time\" content=\"2024-11-17T19:07:50+00:00\" \/>\n<meta property=\"og:image\" content=\"https:\/\/lafabriek.fr\/wp-content\/uploads\/2024\/10\/LaFabriek-Degustation-vin-Domaine-Cailhol-Gautran.webp\" \/>\n\t<meta property=\"og:image:width\" content=\"612\" \/>\n\t<meta property=\"og:image:height\" content=\"452\" \/>\n\t<meta property=\"og:image:type\" content=\"image\/webp\" \/>\n<meta name=\"twitter:card\" content=\"summary_large_image\" \/>\n<meta name=\"twitter:label1\" content=\"Est. reading time\" \/>\n\t<meta name=\"twitter:data1\" content=\"1 minute\" \/>\n<script type=\"application\/ld+json\" class=\"yoast-schema-graph\">{\"@context\":\"https:\/\/schema.org\",\"@graph\":[{\"@type\":\"WebPage\",\"@id\":\"https:\/\/lafabriek.fr\/en\/activities\/wine-tasting-our-5-favourite-estates\/\",\"url\":\"https:\/\/lafabriek.fr\/en\/activities\/wine-tasting-our-5-favourite-estates\/\",\"name\":\"Wine tasting : our 5 favourite estates - LaFabriek\",\"isPartOf\":{\"@id\":\"https:\/\/lafabriek.fr\/en\/#website\"},\"primaryImageOfPage\":{\"@id\":\"https:\/\/lafabriek.fr\/en\/activities\/wine-tasting-our-5-favourite-estates\/#primaryimage\"},\"image\":{\"@id\":\"https:\/\/lafabriek.fr\/en\/activities\/wine-tasting-our-5-favourite-estates\/#primaryimage\"},\"thumbnailUrl\":\"https:\/\/lafabriek.fr\/wp-content\/uploads\/2024\/10\/LaFabriek-Degustation-vin-Domaine-Cailhol-Gautran.webp\",\"datePublished\":\"2024-10-24T14:33:10+00:00\",\"dateModified\":\"2024-11-17T19:07:50+00:00\",\"breadcrumb\":{\"@id\":\"https:\/\/lafabriek.fr\/en\/activities\/wine-tasting-our-5-favourite-estates\/#breadcrumb\"},\"inLanguage\":\"en-US\",\"potentialAction\":[{\"@type\":\"ReadAction\",\"target\":[\"https:\/\/lafabriek.fr\/en\/activities\/wine-tasting-our-5-favourite-estates\/\"]}]},{\"@type\":\"ImageObject\",\"inLanguage\":\"en-US\",\"@id\":\"https:\/\/lafabriek.fr\/en\/activities\/wine-tasting-our-5-favourite-estates\/#primaryimage\",\"url\":\"https:\/\/lafabriek.fr\/wp-content\/uploads\/2024\/10\/LaFabriek-Degustation-vin-Domaine-Cailhol-Gautran.webp\",\"contentUrl\":\"https:\/\/lafabriek.fr\/wp-content\/uploads\/2024\/10\/LaFabriek-Degustation-vin-Domaine-Cailhol-Gautran.webp\"},{\"@type\":\"BreadcrumbList\",\"@id\":\"https:\/\/lafabriek.fr\/en\/activities\/wine-tasting-our-5-favourite-estates\/#breadcrumb\",\"itemListElement\":[{\"@type\":\"ListItem\",\"position\":1,\"name\":\"Accueil\",\"item\":\"https:\/\/lafabriek.fr\/en\/\"},{\"@type\":\"ListItem\",\"position\":2,\"name\":\"Activities\",\"item\":\"https:\/\/lafabriek.fr\/en\/activities\/\"},{\"@type\":\"ListItem\",\"position\":3,\"name\":\"Wine tasting : our 5 favourite estates\"}]},{\"@type\":\"WebSite\",\"@id\":\"https:\/\/lafabriek.fr\/en\/#website\",\"url\":\"https:\/\/lafabriek.fr\/en\/\",\"name\":\"LaFabriek\",\"description\":\"\",\"publisher\":{\"@id\":\"https:\/\/lafabriek.fr\/en\/#organization\"},\"potentialAction\":[{\"@type\":\"SearchAction\",\"target\":{\"@type\":\"EntryPoint\",\"urlTemplate\":\"https:\/\/lafabriek.fr\/en\/?s={search_term_string}\"},\"query-input\":{\"@type\":\"PropertyValueSpecification\",\"valueRequired\":true,\"valueName\":\"search_term_string\"}}],\"inLanguage\":\"en-US\"},{\"@type\":\"Organization\",\"@id\":\"https:\/\/lafabriek.fr\/en\/#organization\",\"name\":\"LaFabriek\",\"url\":\"https:\/\/lafabriek.fr\/en\/\",\"logo\":{\"@type\":\"ImageObject\",\"inLanguage\":\"en-US\",\"@id\":\"https:\/\/lafabriek.fr\/en\/#\/schema\/logo\/image\/\",\"url\":\"https:\/\/lafabriek.fr\/wp-content\/uploads\/2024\/10\/Color-logo-with-background.png\",\"contentUrl\":\"https:\/\/lafabriek.fr\/wp-content\/uploads\/2024\/10\/Color-logo-with-background.png\",\"width\":3180,\"height\":950,\"caption\":\"LaFabriek\"},\"image\":{\"@id\":\"https:\/\/lafabriek.fr\/en\/#\/schema\/logo\/image\/\"},\"sameAs\":[\"https:\/\/www.facebook.com\/LaFabriekCanet\/\",\"https:\/\/instagram.com\/lafabriek_canet\"]}]}<\/script>\n<!-- \/ Yoast SEO plugin. -->","yoast_head_json":{"title":"Wine tasting : our 5 favourite estates - LaFabriek","robots":{"index":"index","follow":"follow","max-snippet":"max-snippet:-1","max-image-preview":"max-image-preview:large","max-video-preview":"max-video-preview:-1"},"canonical":"https:\/\/lafabriek.fr\/en\/activities\/wine-tasting-our-5-favourite-estates\/","og_locale":"en_US","og_type":"article","og_title":"Wine tasting : our 5 favourite estates - LaFabriek","og_description":"Occitanie is France&#8217;s largest wine-growing region, accounting for over 30% of the country&#8217;s production. The construction of the Canal du Midi in 1681 gave a real boost to the sector, facilitating the transport and sale of wines. Wine is the main economic resource of the Aude department. The Aude appellations are :\u00a0Corbi\u00e8res, Boutenac, Cabard\u00e8s, Limoux, [&hellip;]","og_url":"https:\/\/lafabriek.fr\/en\/activities\/wine-tasting-our-5-favourite-estates\/","og_site_name":"LaFabriek","article_publisher":"https:\/\/www.facebook.com\/LaFabriekCanet\/","article_modified_time":"2024-11-17T19:07:50+00:00","og_image":[{"width":612,"height":452,"url":"https:\/\/lafabriek.fr\/wp-content\/uploads\/2024\/10\/LaFabriek-Degustation-vin-Domaine-Cailhol-Gautran.webp","type":"image\/webp"}],"twitter_card":"summary_large_image","twitter_misc":{"Est. reading time":"1 minute"},"schema":{"@context":"https:\/\/schema.org","@graph":[{"@type":"WebPage","@id":"https:\/\/lafabriek.fr\/en\/activities\/wine-tasting-our-5-favourite-estates\/","url":"https:\/\/lafabriek.fr\/en\/activities\/wine-tasting-our-5-favourite-estates\/","name":"Wine tasting : our 5 favourite estates - LaFabriek","isPartOf":{"@id":"https:\/\/lafabriek.fr\/en\/#website"},"primaryImageOfPage":{"@id":"https:\/\/lafabriek.fr\/en\/activities\/wine-tasting-our-5-favourite-estates\/#primaryimage"},"image":{"@id":"https:\/\/lafabriek.fr\/en\/activities\/wine-tasting-our-5-favourite-estates\/#primaryimage"},"thumbnailUrl":"https:\/\/lafabriek.fr\/wp-content\/uploads\/2024\/10\/LaFabriek-Degustation-vin-Domaine-Cailhol-Gautran.webp","datePublished":"2024-10-24T14:33:10+00:00","dateModified":"2024-11-17T19:07:50+00:00","breadcrumb":{"@id":"https:\/\/lafabriek.fr\/en\/activities\/wine-tasting-our-5-favourite-estates\/#breadcrumb"},"inLanguage":"en-US","potentialAction":[{"@type":"ReadAction","target":["https:\/\/lafabriek.fr\/en\/activities\/wine-tasting-our-5-favourite-estates\/"]}]},{"@type":"ImageObject","inLanguage":"en-US","@id":"https:\/\/lafabriek.fr\/en\/activities\/wine-tasting-our-5-favourite-estates\/#primaryimage","url":"https:\/\/lafabriek.fr\/wp-content\/uploads\/2024\/10\/LaFabriek-Degustation-vin-Domaine-Cailhol-Gautran.webp","contentUrl":"https:\/\/lafabriek.fr\/wp-content\/uploads\/2024\/10\/LaFabriek-Degustation-vin-Domaine-Cailhol-Gautran.webp"},{"@type":"BreadcrumbList","@id":"https:\/\/lafabriek.fr\/en\/activities\/wine-tasting-our-5-favourite-estates\/#breadcrumb","itemListElement":[{"@type":"ListItem","position":1,"name":"Accueil","item":"https:\/\/lafabriek.fr\/en\/"},{"@type":"ListItem","position":2,"name":"Activities","item":"https:\/\/lafabriek.fr\/en\/activities\/"},{"@type":"ListItem","position":3,"name":"Wine tasting : our 5 favourite estates"}]},{"@type":"WebSite","@id":"https:\/\/lafabriek.fr\/en\/#website","url":"https:\/\/lafabriek.fr\/en\/","name":"LaFabriek","description":"","publisher":{"@id":"https:\/\/lafabriek.fr\/en\/#organization"},"potentialAction":[{"@type":"SearchAction","target":{"@type":"EntryPoint","urlTemplate":"https:\/\/lafabriek.fr\/en\/?s={search_term_string}"},"query-input":{"@type":"PropertyValueSpecification","valueRequired":true,"valueName":"search_term_string"}}],"inLanguage":"en-US"},{"@type":"Organization","@id":"https:\/\/lafabriek.fr\/en\/#organization","name":"LaFabriek","url":"https:\/\/lafabriek.fr\/en\/","logo":{"@type":"ImageObject","inLanguage":"en-US","@id":"https:\/\/lafabriek.fr\/en\/#\/schema\/logo\/image\/","url":"https:\/\/lafabriek.fr\/wp-content\/uploads\/2024\/10\/Color-logo-with-background.png","contentUrl":"https:\/\/lafabriek.fr\/wp-content\/uploads\/2024\/10\/Color-logo-with-background.png","width":3180,"height":950,"caption":"LaFabriek"},"image":{"@id":"https:\/\/lafabriek.fr\/en\/#\/schema\/logo\/image\/"},"sameAs":["https:\/\/www.facebook.com\/LaFabriekCanet\/","https:\/\/instagram.com\/lafabriek_canet"]}]}},"_links":{"self":[{"href":"https:\/\/lafabriek.fr\/en\/wp-json\/wp\/v2\/pages\/773","targetHints":{"allow":["GET"]}}],"collection":[{"href":"https:\/\/lafabriek.fr\/en\/wp-json\/wp\/v2\/pages"}],"about":[{"href":"https:\/\/lafabriek.fr\/en\/wp-json\/wp\/v2\/types\/page"}],"author":[{"embeddable":true,"href":"https:\/\/lafabriek.fr\/en\/wp-json\/wp\/v2\/users\/1"}],"replies":[{"embeddable":true,"href":"https:\/\/lafabriek.fr\/en\/wp-json\/wp\/v2\/comments?post=773"}],"version-history":[{"count":3,"href":"https:\/\/lafabriek.fr\/en\/wp-json\/wp\/v2\/pages\/773\/revisions"}],"predecessor-version":[{"id":778,"href":"https:\/\/lafabriek.fr\/en\/wp-json\/wp\/v2\/pages\/773\/revisions\/778"}],"up":[{"embeddable":true,"href":"https:\/\/lafabriek.fr\/en\/wp-json\/wp\/v2\/pages\/763"}],"wp:attachment":[{"href":"https:\/\/lafabriek.fr\/en\/wp-json\/wp\/v2\/media?parent=773"}],"curies":[{"name":"wp","href":"https:\/\/api.w.org\/{rel}","templated":true}]}}